{"id":370,"date":"2015-04-08T07:43:03","date_gmt":"2015-04-08T05:43:03","guid":{"rendered":"http:\/\/aacs.ro\/?page_id=370"},"modified":"2015-04-08T07:43:03","modified_gmt":"2015-04-08T05:43:03","slug":"despre-noi","status":"publish","type":"page","link":"https:\/\/aacs.ro\/ro\/despre-noi\/","title":{"rendered":"Despre noi"},"content":{"rendered":"<p>A <strong>Kereszt\u00far T\u00e9rs\u00e9gi Mez\u0151gazd\u00e1szok Egyes\u00fclet\u00e9t<\/strong> 2013 nyar\u00e1n 3 lelkes fiatal hozta l\u00e9tre annak \u00e9rdek\u00e9ben, hogy <strong><em>itthon marad\u00e1sra \u00e9s a helyi mez\u0151gazdas\u00e1gi adotts\u00e1gok kihaszn\u00e1l\u00e1s\u00e1ra buzd\u00edtsa a fiatalokat.<\/em><\/strong><\/p>\n<p>Az egyes\u00fclet, olyan programokat szervez, amelyek sor\u00e1n, <em>arra \u00f6szt\u00f6nzi a fiatalokat, hogy vid\u00e9ken maradjanak, vagy <strong>tanulm\u00e1nyaik ut\u00e1n visszat\u00e9rjenek sz\u00fcl\u0151falujukba \u00e9s a mez\u0151gazdas\u00e1g \u00e1ltal alapozz\u00e1k meg j\u00f6v\u0151j\u00fcket.<\/strong><\/em> Ennek \u00e9rdek\u00e9ben arra t\u00f6rekszik, hogy folyamatosan olyan <strong>projekteket, konferenci\u00e1kat, k\u00e9pz\u00e9seket<\/strong> szervezzen, melyek sor\u00e1n <em>gyarap\u00edthatj\u00e1k gyakorlati tud\u00e1sukat a mez\u0151gazdas\u00e1ggal kapcsolatosan \u00e9s olyan k\u00e9szs\u00e9geket fejleszthetnek, melyek el\u0151seg\u00edthetik \u0151ket mez\u0151gazdas\u00e1gi tev\u00e9kenys\u00e9g v\u00e9gz\u00e9s\u00e9ben.<\/em><\/p>\n<p>Ugyanakkor c\u00e9lunk, hogy <strong>mez\u0151gazdas\u00e1ggal foglalkoz\u00f3 gazd\u00e1k<\/strong> sz\u00e1m\u00e1ra olyan <strong><em>k\u00e9pz\u00e9seket biztos\u00edtunk, melyek sor\u00e1n a fiatal \u00e9s id\u0151s tapasztalt gazd\u00e1k is megismerhetik \u00e9s \u00e1tl\u00e1thatj\u00e1k a rendelkez\u00e9s\u00fckre \u00e1ll\u00f3 Eur\u00f3pai Uni\u00f3s illetve region\u00e1lis mez\u0151gazdas\u00e1gi finansz\u00edroz\u00e1si forr\u00e1sokat.<\/em><\/strong><\/p>\n<p style=\"text-align: left;\"><a href=\"http:\/\/aacs.ro\/wp-content\/uploads\/2015\/02\/fold.jpg\"><img loading=\"lazy\" class=\"  aligncenter wp-image-212\" src=\"http:\/\/aacs.ro\/wp-content\/uploads\/2015\/02\/fold.jpg\" alt=\"fold\" width=\"318\" height=\"212\" srcset=\"https:\/\/aacs.ro\/wp-content\/uploads\/2015\/02\/fold.jpg 500w, https:\/\/aacs.ro\/wp-content\/uploads\/2015\/02\/fold-300x200.jpg 300w\" sizes=\"(max-width: 318px) 100vw, 318px\" \/><\/a><\/p>\n","protected":false},"excerpt":{"rendered":"<p>A Kereszt\u00far T\u00e9rs\u00e9gi Mez\u0151gazd\u00e1szok Egyes\u00fclet\u00e9t 2013 nyar\u00e1n 3 lelkes fiatal hozta l\u00e9tre annak \u00e9rdek\u00e9ben, hogy itthon marad\u00e1sra \u00e9s a helyi mez\u0151gazdas\u00e1gi adotts\u00e1gok kihaszn\u00e1l\u00e1s\u00e1ra buzd\u00edtsa a fiatalokat. Az egyes\u00fclet, olyan programokat szervez, amelyek sor\u00e1n, arra \u00f6szt\u00f6nzi a fiatalokat, hogy vid\u00e9ken maradjanak,&hellip; <\/p>\n","protected":false},"author":1,"featured_media":0,"parent":0,"menu_order":0,"comment_status":"closed","ping_status":"closed","template":"","meta":[],"_links":{"self":[{"href":"https:\/\/aacs.ro\/ro\/wp-json\/wp\/v2\/pages\/370"}],"collection":[{"href":"https:\/\/aacs.ro\/ro\/wp-json\/wp\/v2\/pages"}],"about":[{"href":"https:\/\/aacs.ro\/ro\/wp-json\/wp\/v2\/types\/page"}],"author":[{"embeddable":true,"href":"https:\/\/aacs.ro\/ro\/wp-json\/wp\/v2\/users\/1"}],"replies":[{"embeddable":true,"href":"https:\/\/aacs.ro\/ro\/wp-json\/wp\/v2\/comments?post=370"}],"version-history":[{"count":1,"href":"https:\/\/aacs.ro\/ro\/wp-json\/wp\/v2\/pages\/370\/revisions"}],"predecessor-version":[{"id":371,"href":"https:\/\/aacs.ro\/ro\/wp-json\/wp\/v2\/pages\/370\/revisions\/371"}],"wp:attachment":[{"href":"https:\/\/aacs.ro\/ro\/wp-json\/wp\/v2\/media?parent=370"}],"curies":[{"name":"wp","href":"https:\/\/api.w.org\/{rel}","templated":true}]}}