{"id":355,"date":"2015-04-08T07:28:56","date_gmt":"2015-04-08T05:28:56","guid":{"rendered":"http:\/\/aacs.ro\/?page_id=355"},"modified":"2016-02-24T02:41:09","modified_gmt":"2016-02-24T00:41:09","slug":"stiri","status":"publish","type":"page","link":"https:\/\/aacs.ro\/ro\/stiri\/","title":{"rendered":"\u015etiri"},"content":{"rendered":"<p>&nbsp;<\/p>\n<pre><strong><ul class=\"display-posts-listing\"><li class=\"listing-item\"><a class=\"title\" href=\"https:\/\/aacs.ro\/ro\/tabara-de-olarit-din-avramesti-o-saptamana-in-care-copiii-au-modelat-viitorul-cu-propriile-maini\/\">Tab\u0103ra de ol\u0103rit din Avr\u0103me\u0219ti \u2013 O s\u0103pt\u0103m\u00e2n\u0103 \u00een care copiii au modelat viitorul cu propriile m\u00e2ini<\/a> <span class=\"excerpt-dash\">-<\/span> <span class=\"excerpt\">\u00a0 \u00cen perioada 21\u201327 iulie 2025, \u00een localitatea S\u00e2ntabrah\u00e1m, 16 copii entuzia\u0219ti au avut parte de o experien\u021b\u0103 deosebit\u0103: o tab\u0103r\u0103 de ol\u0103rit de o s\u0103pt\u0103m\u00e2n\u0103, \u00een cadrul c\u0103reia nu doar c\u0103 au lucrat cu lutul, ci au intrat \u00een&hellip; <\/span><\/li><li class=\"listing-item\"><a class=\"title\" href=\"https:\/\/aacs.ro\/ro\/tabara-de-olarit-pentru-copii-la-avramesti-traditie-creatie-si-dezvoltare-personala-intr-o-experienta-de-7-zile\/\">Tab\u0103r\u0103 de ol\u0103rit pentru copii la Avr\u0103me\u0219ti \u2013 tradi\u021bie, crea\u021bie \u0219i dezvoltare personal\u0103 \u00eentr-o experien\u021b\u0103 de 7 zile<\/a> <span class=\"excerpt-dash\">-<\/span> <span class=\"excerpt\">La Avr\u0103me\u0219ti \u0219i \u00een localit\u0103\u021bile din jur, 16 copii vor avea \u0219ansa s\u0103 participe \u00een aceast\u0103 var\u0103 la o tab\u0103r\u0103 special\u0103 de ol\u0103rit, desf\u0103\u0219urat\u0103 pe parcursul a 7 zile, unde vor \u00eenv\u0103\u021ba me\u0219te\u0219ugul ol\u0103ritului \u0219i vor petrece timp de calitate&hellip; <\/span><\/li><li class=\"listing-item\"><a class=\"title\" href=\"https:\/\/aacs.ro\/ro\/un-an-in-sudul-italiei-ca-voluntar-sev\/\">Un an \u00een sudul Italiei ca voluntar SEV!<\/a> <span class=\"excerpt-dash\">-<\/span> <span class=\"excerpt\">C\u0103ut\u0103m un voluntar pentru o perioad\u0103 de un an pentru a participa la un stagiu de voluntariat SEV \u00een zona Lecce, Italia. Proiectul va \u00eencepe pe 4. decembrie 2016. Voluntarul va avea \u0219ansa s\u0103 aleag\u0103 \u00een func\u021bie de dou\u0103 domenii:&hellip; <\/span><\/li><li class=\"listing-item\"><a class=\"title\" href=\"https:\/\/aacs.ro\/ro\/sev-de-scurta-durata-intr-una-dintre-cele-mai-mici-sate-ale-croatiei\/\">SEV de scurt\u0103 durat\u0103 \u00eentr-una dintre cele mai mici sate ale Croa\u021biei!<\/a> <span class=\"excerpt-dash\">-<\/span> <span class=\"excerpt\">C\u0103ut\u0103m 2 tineri pentru un stagiu SEV de scurt\u0103 durat\u0103 ce va avea loc \u00een Latinovac, Croa\u021bia \u00eentre 3 aprilie \u0219i 31\u00a0mai! Pe parcursul proiectului ve\u021bi avea ocazia s\u0103 petrece\u021bi aproape 2 luni \u00eentr-o arie protejat\u0103, \u00eentr-o localitate cu aproximativ&hellip; <\/span><\/li><li class=\"listing-item\"><a class=\"title\" href=\"https:\/\/aacs.ro\/ro\/local-terminat\/\">Rezultatele schimbului de tineri \u201cLOCAL PRODUCTS\u201d<\/a> <span class=\"excerpt-dash\">-<\/span> <span class=\"excerpt\">Asocia\u021bia Agricultorilor din Zona Secuiesc Cristuru a organizat un proiect Erasmus + numit Leading Our Communities to Appreciate Local Products sau L. O. C. A. L. PRODUCTS, un proiect care continu\u0103 \u0219irul de activit\u0103\u021bi care ajut\u0103 \u0219i sprijin\u0103 produc\u0103torii locali&hellip; <\/span><\/li><li class=\"listing-item\"><a class=\"title\" href=\"https:\/\/aacs.ro\/ro\/vpa-ul-proiectului-l-o-c-a-l-product-sa-incheiat-cu-succes-acum-suntem-gata-pentru-schimbul-de-tineret\/\">VPA-ul proiectului L.O.C.A.L. Product sa \u00eencheiat cu succes. Acum suntem gata pentru schimbul de tineret.<\/a> <span class=\"excerpt-dash\">-<\/span> <span class=\"excerpt\">\u00centre 8 \u0219i 9 martie 2016. Asocia\u021bia Agricultorilor din Zona Cristuru Secuiesc a organizat o vizit\u0103 de planificare \u00een avans (VPA) \u00een Cristuru Secuiesc unde au planificat \u0219i a preg\u0103tit schimbul de tineri numit Leading Our Communities to Appreciate Local&hellip; <\/span><\/li><li class=\"listing-item\"><a class=\"title\" href=\"https:\/\/aacs.ro\/ro\/rezultatele-schimbului-de-tineri-made-in-made-by\/\">Rezultatele schimbului de tineri &#8222;Made in, made by&#8221;<\/a> <span class=\"excerpt-dash\">-<\/span> <span class=\"excerpt\">Schimbul de tineri &#8222;Made in, made by&#8221; a avut loc la Cristuru Secuiesc, \u00een perioada 18-25 octombrie 2015. La mobilitate au luat parte 36 tineri din Rom\u00e2nia, Olanda, Bulgaria, Spania, Ungaria \u0219i Italia. Scopul proiectului\u00a0a fost dezbaterea problemelor legate de&hellip; <\/span><\/li><li class=\"listing-item\"><a class=\"title\" href=\"https:\/\/aacs.ro\/ro\/schimb-de-tineri-made-in-made-by\/\">Schimb de tineri &#8222;Made in, made by&#8221;<\/a> <span class=\"excerpt-dash\">-<\/span> <span class=\"excerpt\">Schimbul de tineri &#8222;Made in, made by&#8221; va avea loc la Cristuru Secuiesc \u00eentre 18. \u0219i 25. octombrie 2015. \u0219i va reuni 36 de tineri provenind din mediul rural \u0219i din medii vulnerabile (orfani, crescute de un parinte, care p\u0103r\u0103sesc&hellip; <\/span><\/li><li class=\"listing-item\"><a class=\"title\" href=\"https:\/\/aacs.ro\/ro\/a-terminat-proiectul-supermarket-vs-producator-local-dezvoltare-sociala\/\">A luat sf\u00e2r\u0219it proiectul SUPERMARKET vs LOCAL PRODUCER = SOCIAL DEVELOPMENT?<\/a> <span class=\"excerpt-dash\">-<\/span> <span class=\"excerpt\">Asocia\u021bia Agricultorilor din Zona Cristuru Secuisc a finalizat schimbul de tineri numit SUPERMARKET vs LOCAL PRODUCER = SOCIAL DEVELOPMENT? 35 de tineri din Fran\u021ba, Marea Britanie, Olanda, Ungaria \u0219i Rom\u00e2nia au fost activi \u00een lucrat \u00een ora\u0219ul nostru timp de&hellip; <\/span><\/li><li class=\"listing-item\"><a class=\"title\" href=\"https:\/\/aacs.ro\/ro\/649\/\">ECO HANDMADE: MY HOBBY, MY JOB, MY FUTURE! s-a terminat<\/a> <span class=\"excerpt-dash\">-<\/span> <span class=\"excerpt\">In perioada 20-29 aprilie am organizat un schimb de tineri la Cristuru Secuiesc in tema reciclarii creative cu participarea a 36 de tineri din Romania, Germania, Spania, Portugalia, Slovenia si Estonia. \u00a0Scopul proiectului a fost motivarea participantilor sa devina mai&hellip; <\/span><\/li><\/ul><\/strong><\/pre>\n<pre><strong>\u00a0<\/strong><\/pre>\n","protected":false},"excerpt":{"rendered":"<p>&nbsp; \u00a0<\/p>\n","protected":false},"author":1,"featured_media":0,"parent":0,"menu_order":0,"comment_status":"closed","ping_status":"closed","template":"","meta":[],"_links":{"self":[{"href":"https:\/\/aacs.ro\/ro\/wp-json\/wp\/v2\/pages\/355"}],"collection":[{"href":"https:\/\/aacs.ro\/ro\/wp-json\/wp\/v2\/pages"}],"about":[{"href":"https:\/\/aacs.ro\/ro\/wp-json\/wp\/v2\/types\/page"}],"author":[{"embeddable":true,"href":"https:\/\/aacs.ro\/ro\/wp-json\/wp\/v2\/users\/1"}],"replies":[{"embeddable":true,"href":"https:\/\/aacs.ro\/ro\/wp-json\/wp\/v2\/comments?post=355"}],"version-history":[{"count":4,"href":"https:\/\/aacs.ro\/ro\/wp-json\/wp\/v2\/pages\/355\/revisions"}],"predecessor-version":[{"id":693,"href":"https:\/\/aacs.ro\/ro\/wp-json\/wp\/v2\/pages\/355\/revisions\/693"}],"wp:attachment":[{"href":"https:\/\/aacs.ro\/ro\/wp-json\/wp\/v2\/media?parent=355"}],"curies":[{"name":"wp","href":"https:\/\/api.w.org\/{rel}","templated":true}]}}