{"id":349,"date":"2015-02-02T10:16:23","date_gmt":"2015-02-02T10:16:23","guid":{"rendered":"http:\/\/aacs.ro\/kapcsolat-2-2\/"},"modified":"2022-02-15T13:37:23","modified_gmt":"2022-02-15T11:37:23","slug":"kapcsolat-2","status":"publish","type":"page","link":"https:\/\/aacs.ro\/en\/kapcsolat-2\/","title":{"rendered":"Contact"},"content":{"rendered":"<p><strong>N\u00e9v:<\/strong>\u00a0<em>Kereszt\u00far T\u00e9rs\u00e9gi Mez\u0151gazd\u00e1szok Egyes\u00fclete<\/em><\/p>\n<p><em>Asociatia Agricultorilor din Zona Cristuru Secuiesc<\/em><\/p>\n<p><strong>E-mail:<\/strong> <em>office.aacs@gmail.com<\/em><\/p>\n<p><strong><a href=\"https:\/\/www.facebook.com\/asociatia.cristurusecuiesc\" target=\"_blank\" rel=\"noopener\">Facebook<\/a><\/strong><\/p>\n<p><a href=\"https:\/\/aacs.ro\/wp-content\/uploads\/2022\/02\/aacs_logo-1.png\"><img loading=\"lazy\" class=\"wp-image-2025  aligncenter\" src=\"https:\/\/aacs.ro\/wp-content\/uploads\/2022\/02\/aacs_logo-1.png\" alt=\"\" width=\"238\" height=\"156\" srcset=\"https:\/\/aacs.ro\/wp-content\/uploads\/2022\/02\/aacs_logo-1.png 2988w, https:\/\/aacs.ro\/wp-content\/uploads\/2022\/02\/aacs_logo-1-300x197.png 300w, https:\/\/aacs.ro\/wp-content\/uploads\/2022\/02\/aacs_logo-1-1024x671.png 1024w, https:\/\/aacs.ro\/wp-content\/uploads\/2022\/02\/aacs_logo-1-768x504.png 768w, https:\/\/aacs.ro\/wp-content\/uploads\/2022\/02\/aacs_logo-1-1536x1007.png 1536w, https:\/\/aacs.ro\/wp-content\/uploads\/2022\/02\/aacs_logo-1-2048x1343.png 2048w\" sizes=\"(max-width: 238px) 100vw, 238px\" \/><\/a><\/p>\n","protected":false},"excerpt":{"rendered":"<p>N\u00e9v:\u00a0Kereszt\u00far T\u00e9rs\u00e9gi Mez\u0151gazd\u00e1szok Egyes\u00fclete Asociatia Agricultorilor din Zona Cristuru Secuiesc E-mail: office.aacs@gmail.com Facebook<\/p>\n","protected":false},"author":1,"featured_media":0,"parent":0,"menu_order":0,"comment_status":"closed","ping_status":"closed","template":"","meta":[],"_links":{"self":[{"href":"https:\/\/aacs.ro\/en\/wp-json\/wp\/v2\/pages\/349"}],"collection":[{"href":"https:\/\/aacs.ro\/en\/wp-json\/wp\/v2\/pages"}],"about":[{"href":"https:\/\/aacs.ro\/en\/wp-json\/wp\/v2\/types\/page"}],"author":[{"embeddable":true,"href":"https:\/\/aacs.ro\/en\/wp-json\/wp\/v2\/users\/1"}],"replies":[{"embeddable":true,"href":"https:\/\/aacs.ro\/en\/wp-json\/wp\/v2\/comments?post=349"}],"version-history":[{"count":2,"href":"https:\/\/aacs.ro\/en\/wp-json\/wp\/v2\/pages\/349\/revisions"}],"predecessor-version":[{"id":2029,"href":"https:\/\/aacs.ro\/en\/wp-json\/wp\/v2\/pages\/349\/revisions\/2029"}],"wp:attachment":[{"href":"https:\/\/aacs.ro\/en\/wp-json\/wp\/v2\/media?parent=349"}],"curies":[{"name":"wp","href":"https:\/\/api.w.org\/{rel}","templated":true}]}}